{"id":118,"date":"2015-07-02T19:28:35","date_gmt":"2015-07-02T19:28:35","guid":{"rendered":"http:\/\/hd8associados.web2163.uni5.net\/site\/?page_id=118"},"modified":"2024-02-02T17:04:31","modified_gmt":"2024-02-02T17:04:31","slug":"business-opportunities-merge-and-acquisitions","status":"publish","type":"page","link":"https:\/\/hd8associados.com.br\/en\/services\/business-opportunities-merge-and-acquisitions\/","title":{"rendered":"Business Opportunities, Merge and Acquisitions"},"content":{"rendered":"<div class=\"wpb-content-wrapper\"><p>[vc_row margin_top=&#8221;-20&#8243; margin_bottom=&#8221;0&#8243; padding_left=&#8221;0&#8243; padding_right=&#8221;0&#8243; bg_position=&#8221;top&#8221; bg_repeat=&#8221;no-repeat&#8221; bg_cover=&#8221;false&#8221; bg_attachment=&#8221;false&#8221; padding_top=&#8221;0&#8243; padding_bottom=&#8221;0&#8243; parallax_speed=&#8221;0.1&#8243;][vc_column]<div id=\"cz_105243\" class=\"cz_105243 cz_image clr cz_image_no_fx center_on_mobile\"><div class=\"\" ><div class=\"cz_image_in\"><div class=\"cz_main_image\"><img decoding=\"async\" width=\"1080\" height=\"438\" src=\"https:\/\/hd8associados.com.br\/en\/wp-content\/uploads\/2024\/01\/servico-05.jpg\" class=\"attachment-full\" alt=\"\" title=\"Oportunidades de Neg\u00f3cios, Fus\u00f5es e Aquisi\u00e7\u00f5es\" srcset=\"https:\/\/hd8associados.com.br\/en\/wp-content\/uploads\/2024\/01\/servico-05.jpg 1080w, https:\/\/hd8associados.com.br\/en\/wp-content\/uploads\/2024\/01\/servico-05-300x122.jpg 300w, https:\/\/hd8associados.com.br\/en\/wp-content\/uploads\/2024\/01\/servico-05-1024x415.jpg 1024w, https:\/\/hd8associados.com.br\/en\/wp-content\/uploads\/2024\/01\/servico-05-768x311.jpg 768w, https:\/\/hd8associados.com.br\/en\/wp-content\/uploads\/2024\/01\/servico-05-600x243.jpg 600w\" sizes=\"(max-width: 1080px) 100vw, 1080px\" \/><\/div><\/div><\/div><\/div><div class=\"cz_gap clr \" style=\"height: 50px\"><\/div>[\/vc_column][\/vc_row][vc_row][vc_column]<div id=\"cz_70066\" class=\"cz_70066 cz_title clr cz_title_pos_inline\"><div class=\"cz_title_content\"><div class=\"cz_wpe_content\"><p>The business opportunities are governed by two fundamental issues: the strategy and the prudence. This is why in the certain occasions it\u00b4s necessary to have special discretion and anonymity in order not to have an increased speculation related to the projects. Our compromise is bring closer to our customers, products and services globalized and for that we have a qualified staff to negotiate their operations but adapted to the multiple necessities; always from a reflexive and anonymous perspective to obtain projected return and profit.<\/p>\n<\/div><\/div><\/div>[\/vc_column][\/vc_row]<\/p>\n<\/div>","protected":false},"excerpt":{"rendered":"<p>[vc_row margin_top=&#8221;-20&#8243; margin_bottom=&#8221;0&#8243; padding_left=&#8221;0&#8243; padding_right=&#8221;0&#8243; bg_position=&#8221;top&#8221; bg_repeat=&#8221;no-repeat&#8221; bg_cover=&#8221;false&#8221; bg_attachment=&#8221;false&#8221; padding_top=&#8221;0&#8243; padding_bottom=&#8221;0&#8243; &#8230; <\/p>\n","protected":false},"author":1,"featured_media":0,"parent":147,"menu_order":0,"comment_status":"closed","ping_status":"closed","template":"","meta":{"footnotes":""},"_links":{"self":[{"href":"https:\/\/hd8associados.com.br\/en\/wp-json\/wp\/v2\/pages\/118"}],"collection":[{"href":"https:\/\/hd8associados.com.br\/en\/wp-json\/wp\/v2\/pages"}],"about":[{"href":"https:\/\/hd8associados.com.br\/en\/wp-json\/wp\/v2\/types\/page"}],"author":[{"embeddable":true,"href":"https:\/\/hd8associados.com.br\/en\/wp-json\/wp\/v2\/users\/1"}],"replies":[{"embeddable":true,"href":"https:\/\/hd8associados.com.br\/en\/wp-json\/wp\/v2\/comments?post=118"}],"version-history":[{"count":2,"href":"https:\/\/hd8associados.com.br\/en\/wp-json\/wp\/v2\/pages\/118\/revisions"}],"predecessor-version":[{"id":2033,"href":"https:\/\/hd8associados.com.br\/en\/wp-json\/wp\/v2\/pages\/118\/revisions\/2033"}],"up":[{"embeddable":true,"href":"https:\/\/hd8associados.com.br\/en\/wp-json\/wp\/v2\/pages\/147"}],"wp:attachment":[{"href":"https:\/\/hd8associados.com.br\/en\/wp-json\/wp\/v2\/media?parent=118"}],"curies":[{"name":"wp","href":"https:\/\/api.w.org\/{rel}","templated":true}]}}