{"id":147,"date":"2015-07-02T21:01:19","date_gmt":"2015-07-02T21:01:19","guid":{"rendered":"http:\/\/hd8associados.web2163.uni5.net\/site\/?page_id=147"},"modified":"2024-02-02T16:53:55","modified_gmt":"2024-02-02T16:53:55","slug":"services","status":"publish","type":"page","link":"https:\/\/hd8associados.com.br\/en\/services\/","title":{"rendered":"Services"},"content":{"rendered":"<div class=\"wpb-content-wrapper\"><p>[vc_row][vc_column]<div id=\"cz_100373\" class=\"cz_100373 cz_title clr cz_title_pos_inline\"><div class=\"cz_title_content\"><div class=\"cz_wpe_content\"><p>As a consultancy company, <strong>HD8<\/strong> is focusing their services to offer customized solutions to each of the customers and to each of their necessities guiding our work in the achievement of the planned results.<\/p>\n<p>&nbsp;<\/p>\n<p>Based in the above work premises and on the large experience of their professionals, <strong>HD8<\/strong> offer solutions in the areas of:<\/p>\n<\/div><\/div><\/div>[\/vc_column][\/vc_row][vc_row][vc_column]<div class=\"cz_gap clr  hide_on_mobile\" style=\"height: 80px\"><\/div><div class=\"cz_gap show_on_mobile clr\" style=\"height: 50px\"><\/div>[\/vc_column][\/vc_row][vc_row][vc_column width=&#8221;1\/2&#8243;]<a class=\"cz_content_box_link\" href=\"https:\/\/hd8associados.com.br\/en\/consultoria-em-gestao-empresarial\/\" title=\"Consultoria em Gest\u00e3o Empresarial\"><div class=\"cz_eqh cz_content_box_parent_fx  \"><div class=\"fx_up_hover\"><div id=\"cz_14702\" class=\"cz_14702 cz_content_box clr cz_split_box_right\"><div class=\"cz_box_front clr\"><div class=\"cz_box_front_inner clr \"><span><\/span><div><div id=\"cz_64526\" class=\"cz_64526 cz_title clr cz_mobile_text_center cz_title_pos_inline\"><div class=\"cz_title_content\"><div class=\"cz_wpe_content\"><h3>Business Management<\/h3>\n<h3><span style=\"color: #00609d;\">Consulting<\/span><\/h3>\n<\/div><\/div><\/div><div class=\"cz_gap clr \" style=\"height: 20px\"><\/div><div id=\"cz_34005\" class=\"cz_34005 cz_title clr cz_mobile_text_center cz_title_pos_inline\"><div class=\"cz_title_content\"><div class=\"cz_wpe_content\"><p><span style=\"font-size: 16px;\">The consultancy is a interactive process where co-exist the work of a changing agent (consulter) together with the other executives &#8230;<\/span><\/p>\n<\/div><\/div><\/div><\/div><\/div><\/div><div class=\"cz_split_box\" style=\"background-image: url(https:\/\/hd8associados.com.br\/en\/wp-content\/uploads\/2024\/01\/servicos-_0006_Layer-1.jpg)\"><\/div><\/div><\/div><\/div><\/a><div class=\"cz_gap show_on_mobile clr\" style=\"height: 32px\"><\/div><a class=\"cz_content_box_link\" href=\"https:\/\/hd8associados.com.br\/en\/logistica-multimodal\/\" title=\"Log\u00edstica Multimodal\"><div class=\"cz_eqh cz_content_box_parent_fx  \"><div class=\"fx_up_hover\"><div id=\"cz_70123\" class=\"cz_70123 cz_content_box clr cz_split_box_left\"><div class=\"cz_split_box\" style=\"background-image: url(https:\/\/hd8associados.com.br\/en\/wp-content\/uploads\/2024\/01\/servicos-_0004_Layer-3.jpg)\"><\/div><div class=\"cz_box_front clr\"><div class=\"cz_box_front_inner clr \"><span><\/span><div><div id=\"cz_73467\" class=\"cz_73467 cz_title clr cz_mobile_text_center cz_title_pos_inline\"><div class=\"cz_title_content\"><div class=\"cz_wpe_content\"><h3>Intermodal<\/h3>\n<h3><span style=\"color: #00609d;\">Logistics<\/span><\/h3>\n<\/div><\/div><\/div><div class=\"cz_gap clr \" style=\"height: 20px\"><\/div><div id=\"cz_42964\" class=\"cz_42964 cz_title clr cz_mobile_text_center cz_title_pos_inline\"><div class=\"cz_title_content\"><div class=\"cz_wpe_content\"><p><span style=\"font-size: 16px;\">The global logistics is becoming more complex due to increased demand in IT solutions and we are dedicated to provide such solutions&#8230;<\/span><\/p>\n<\/div><\/div><\/div><\/div><\/div><\/div><\/div><\/div><\/div><\/a><div class=\"cz_gap show_on_mobile clr\" style=\"height: 32px\"><\/div><a class=\"cz_content_box_link\" href=\"https:\/\/hd8associados.com.br\/en\/oportunidades-de-negocios-fusoes-e-aquisicoes\/\" title=\"Oportunidades de Neg\u00f3cios, Fus\u00f5es e Aquisi\u00e7\u00f5es\"><div class=\"cz_eqh cz_content_box_parent_fx  \"><div class=\"fx_up_hover\"><div id=\"cz_97976\" class=\"cz_97976 cz_content_box clr cz_split_box_right\"><div class=\"cz_box_front clr\"><div class=\"cz_box_front_inner clr \"><span><\/span><div><div id=\"cz_19325\" class=\"cz_19325 cz_title clr cz_mobile_text_center cz_title_pos_inline\"><div class=\"cz_title_content\"><div class=\"cz_wpe_content\"><h3>Business Opportunities,<\/h3>\n<h3><span style=\"color: #00609d;\">Merge and Acquisitions<\/span><\/h3>\n<\/div><\/div><\/div><div class=\"cz_gap clr \" style=\"height: 20px\"><\/div><div id=\"cz_60866\" class=\"cz_60866 cz_title clr cz_mobile_text_center cz_title_pos_inline\"><div class=\"cz_title_content\"><div class=\"cz_wpe_content\"><p><span style=\"font-size: 16px;\">The business opportunities are governed by two fundamental issues: the strategy and the prudence. This is why in the certain occasions&#8230;<\/span><\/p>\n<\/div><\/div><\/div><\/div><\/div><\/div><div class=\"cz_split_box\" style=\"background-image: url(https:\/\/hd8associados.com.br\/en\/wp-content\/uploads\/2024\/01\/servicos-_0002_Layer-6.jpg)\"><\/div><\/div><\/div><\/div><\/a><div class=\"cz_gap show_on_mobile clr\" style=\"height: 32px\"><\/div><a class=\"cz_content_box_link\" href=\"https:\/\/hd8associados.com.br\/en\/traducao-e-interpretacao-simultanea\/\" title=\"Tradu\u00e7\u00e3o e Interpreta\u00e7\u00e3o Simult\u00e2nea\"><div class=\"cz_eqh cz_content_box_parent_fx  \"><div class=\"fx_up_hover\"><div id=\"cz_69455\" class=\"cz_69455 cz_content_box clr cz_split_box_left\"><div class=\"cz_split_box\" style=\"background-image: url(https:\/\/hd8associados.com.br\/en\/wp-content\/uploads\/2024\/01\/servicos-_0000_Layer-8.jpg)\"><\/div><div class=\"cz_box_front clr\"><div class=\"cz_box_front_inner clr \"><span><\/span><div><div id=\"cz_60877\" class=\"cz_60877 cz_title clr cz_mobile_text_center cz_title_pos_inline\"><div class=\"cz_title_content\"><div class=\"cz_wpe_content\"><h3>Simultaneous Translation<\/h3>\n<h3><span style=\"color: #00609d;\">and Interpretation<\/span><\/h3>\n<\/div><\/div><\/div><div class=\"cz_gap clr \" style=\"height: 20px\"><\/div><div id=\"cz_64530\" class=\"cz_64530 cz_title clr cz_mobile_text_center cz_title_pos_inline\"><div class=\"cz_title_content\"><div class=\"cz_wpe_content\"><p><span style=\"font-size: 16px;\">We operate more than four years in this segment in Brazil, through our company Mais Tradux, specializing in translation and simultaneous interpretation &#8230;<\/span><\/p>\n<\/div><\/div><\/div><\/div><\/div><\/div><\/div><\/div><\/div><\/a>[\/vc_column][vc_column width=&#8221;1\/2&#8243;]<a class=\"cz_content_box_link\" href=\"https:\/\/hd8associados.com.br\/en\/assessoria-e-consultoria-em-comercio-exterior\/\" title=\"Assessoria e Consultoria em Com\u00e9rcio Exterior\"><div class=\"cz_eqh cz_content_box_parent_fx  \"><div class=\"fx_up_hover\"><div id=\"cz_28454\" class=\"cz_28454 cz_content_box clr cz_split_box_right\"><div class=\"cz_box_front clr\"><div class=\"cz_box_front_inner clr \"><span><\/span><div><div id=\"cz_97906\" class=\"cz_97906 cz_title clr cz_mobile_text_center cz_title_pos_inline\"><div class=\"cz_title_content\"><div class=\"cz_wpe_content\"><h3>Advisory and Consulting<\/h3>\n<h3><span style=\"color: #00609d;\">in Foreign Trade<\/span><\/h3>\n<\/div><\/div><\/div><div class=\"cz_gap clr \" style=\"height: 20px\"><\/div><div id=\"cz_75451\" class=\"cz_75451 cz_title clr cz_mobile_text_center cz_title_pos_inline\"><div class=\"cz_title_content\"><div class=\"cz_wpe_content\"><p><span style=\"font-size: 16px;\">HD8 Associates is a modern and dynamic company, focused to facilitate the trading commerce in the local, regional and international&#8230;<\/span><\/p>\n<\/div><\/div><\/div><\/div><\/div><\/div><div class=\"cz_split_box\" style=\"background-image: url(https:\/\/hd8associados.com.br\/en\/wp-content\/uploads\/2024\/01\/servicos-_0005_Layer-2.jpg)\"><\/div><\/div><\/div><\/div><\/a><div class=\"cz_gap show_on_mobile clr\" style=\"height: 32px\"><\/div><a class=\"cz_content_box_link\" href=\"https:\/\/hd8associados.com.br\/en\/internacionalizacao-de-empresas\/\" title=\"Internacionaliza\u00e7\u00e3o de Empresas\"><div class=\"cz_eqh cz_content_box_parent_fx  \"><div class=\"fx_up_hover\"><div id=\"cz_11618\" class=\"cz_11618 cz_content_box clr cz_split_box_left\"><div class=\"cz_split_box\" style=\"background-image: url(https:\/\/hd8associados.com.br\/en\/wp-content\/uploads\/2024\/01\/servicos-_0003_Layer-4.jpg)\"><\/div><div class=\"cz_box_front clr\"><div class=\"cz_box_front_inner clr \"><span><\/span><div><div id=\"cz_97894\" class=\"cz_97894 cz_title clr cz_mobile_text_center cz_title_pos_inline\"><div class=\"cz_title_content\"><div class=\"cz_wpe_content\"><h3>Companies<\/h3>\n<h3><span style=\"color: #00609d;\">Internationalization<\/span><\/h3>\n<\/div><\/div><\/div><div class=\"cz_gap clr \" style=\"height: 20px\"><\/div><div id=\"cz_80378\" class=\"cz_80378 cz_title clr cz_mobile_text_center cz_title_pos_inline\"><div class=\"cz_title_content\"><div class=\"cz_wpe_content\"><p><span style=\"font-size: 16px;\">The companies which decided to expand their business in the international market are facing different risks and difficulties and those can have&#8230;<\/span><\/p>\n<\/div><\/div><\/div><\/div><\/div><\/div><\/div><\/div><\/div><\/a><div class=\"cz_gap show_on_mobile clr\" style=\"height: 32px\"><\/div><a class=\"cz_content_box_link\" href=\"https:\/\/hd8associados.com.br\/en\/gestao-de-projetos-marketing-estrategico-e-negociacoes\/\" title=\"Gest\u00e3o de Projetos, Marketing Estrat\u00e9gico e Negocia\u00e7\u00f5es\"><div class=\"cz_eqh cz_content_box_parent_fx  \"><div class=\"fx_up_hover\"><div id=\"cz_73711\" class=\"cz_73711 cz_content_box clr cz_split_box_right\"><div class=\"cz_box_front clr\"><div class=\"cz_box_front_inner clr \"><span><\/span><div><div id=\"cz_45337\" class=\"cz_45337 cz_title clr cz_mobile_text_center cz_title_pos_inline\"><div class=\"cz_title_content\"><div class=\"cz_wpe_content\"><h3>Project Management,<\/h3>\n<h3><span style=\"color: #00609d;\">Strategic Marketing and Negotiations<\/span><\/h3>\n<\/div><\/div><\/div><div class=\"cz_gap clr \" style=\"height: 20px\"><\/div><div id=\"cz_58376\" class=\"cz_58376 cz_title clr cz_mobile_text_center cz_title_pos_inline\"><div class=\"cz_title_content\"><div class=\"cz_wpe_content\"><p><span style=\"font-size: 16px;\">Business opportunities are governed by two fundamental pillars; the strategy and prudence&#8230;<\/span><\/p>\n<\/div><\/div><\/div><\/div><\/div><\/div><div class=\"cz_split_box\" style=\"background-image: url(https:\/\/hd8associados.com.br\/en\/wp-content\/uploads\/2024\/01\/servicos-_0001_Layer-7.jpg)\"><\/div><\/div><\/div><\/div><\/a><div class=\"cz_gap show_on_mobile clr\" style=\"height: 32px\"><\/div>[\/vc_column][\/vc_row]<\/p>\n<\/div>","protected":false},"excerpt":{"rendered":"<p>[vc_row][vc_column][\/vc_column][\/vc_row][vc_row][vc_column][\/vc_column][\/vc_row][vc_row][vc_column width=&#8221;1\/2&#8243;][\/vc_column][vc_column width=&#8221;1\/2&#8243;][\/vc_column][\/vc_row] &#8230; <\/p>\n","protected":false},"author":1,"featured_media":0,"parent":0,"menu_order":0,"comment_status":"closed","ping_status":"closed","template":"","meta":{"footnotes":""},"_links":{"self":[{"href":"https:\/\/hd8associados.com.br\/en\/wp-json\/wp\/v2\/pages\/147"}],"collection":[{"href":"https:\/\/hd8associados.com.br\/en\/wp-json\/wp\/v2\/pages"}],"about":[{"href":"https:\/\/hd8associados.com.br\/en\/wp-json\/wp\/v2\/types\/page"}],"author":[{"embeddable":true,"href":"https:\/\/hd8associados.com.br\/en\/wp-json\/wp\/v2\/users\/1"}],"replies":[{"embeddable":true,"href":"https:\/\/hd8associados.com.br\/en\/wp-json\/wp\/v2\/comments?post=147"}],"version-history":[{"count":5,"href":"https:\/\/hd8associados.com.br\/en\/wp-json\/wp\/v2\/pages\/147\/revisions"}],"predecessor-version":[{"id":2025,"href":"https:\/\/hd8associados.com.br\/en\/wp-json\/wp\/v2\/pages\/147\/revisions\/2025"}],"wp:attachment":[{"href":"https:\/\/hd8associados.com.br\/en\/wp-json\/wp\/v2\/media?parent=147"}],"curies":[{"name":"wp","href":"https:\/\/api.w.org\/{rel}","templated":true}]}}