{"id":111,"date":"2015-07-02T19:22:20","date_gmt":"2015-07-02T19:22:20","guid":{"rendered":"http:\/\/hd8associados.web2163.uni5.net\/site\/?page_id=111"},"modified":"2024-02-02T17:29:51","modified_gmt":"2024-02-02T17:29:51","slug":"internacionalizacao-de-empresas","status":"publish","type":"page","link":"https:\/\/hd8associados.com.br\/site\/servicos\/internacionalizacao-de-empresas\/","title":{"rendered":"Internacionaliza\u00e7\u00e3o de Empresas"},"content":{"rendered":"<div class=\"wpb-content-wrapper\"><p>[vc_row margin_top=&#8221;-20&#8243; margin_bottom=&#8221;0&#8243; padding_left=&#8221;0&#8243; padding_right=&#8221;0&#8243; bg_position=&#8221;top&#8221; bg_repeat=&#8221;no-repeat&#8221; bg_cover=&#8221;false&#8221; bg_attachment=&#8221;false&#8221; padding_top=&#8221;0&#8243; padding_bottom=&#8221;0&#8243; parallax_speed=&#8221;0.1&#8243;][vc_column]<div id=\"cz_106369\" class=\"cz_106369 cz_image clr cz_image_no_fx center_on_mobile\"><div class=\"\" ><div class=\"cz_image_in\"><div class=\"cz_main_image\"><img decoding=\"async\" width=\"1080\" height=\"438\" src=\"https:\/\/hd8associados.com.br\/site\/wp-content\/uploads\/2024\/01\/servico-04.jpg\" class=\"attachment-full\" alt=\"\" title=\"Internacionaliza\u00e7\u00e3o de Empresas\" srcset=\"https:\/\/hd8associados.com.br\/site\/wp-content\/uploads\/2024\/01\/servico-04.jpg 1080w, https:\/\/hd8associados.com.br\/site\/wp-content\/uploads\/2024\/01\/servico-04-300x122.jpg 300w, https:\/\/hd8associados.com.br\/site\/wp-content\/uploads\/2024\/01\/servico-04-1024x415.jpg 1024w, https:\/\/hd8associados.com.br\/site\/wp-content\/uploads\/2024\/01\/servico-04-768x311.jpg 768w, https:\/\/hd8associados.com.br\/site\/wp-content\/uploads\/2024\/01\/servico-04-600x243.jpg 600w\" sizes=\"(max-width: 1080px) 100vw, 1080px\" \/><\/div><\/div><\/div><\/div><div class=\"cz_gap clr \" style=\"height: 50px\"><\/div>[\/vc_column][\/vc_row][vc_row][vc_column]<div id=\"cz_41664\" class=\"cz_41664 cz_title clr cz_title_pos_inline\"><div class=\"cz_title_content\"><div class=\"cz_wpe_content\"><p>As empresas que decidem expandir seu negocio ao mercado internacional afrontam v\u00e1rios riscos e dificuldades, que em principio, podem repercutir negativamente nos objetivos estabelecidos. Por isso e necess\u00e1ria a experi\u00eancia no sector para eliminar estas barreiras e reduzir os tempos de aplica\u00e7\u00e3o.<\/p>\n<p>Temos desenvolvido nossa atividade durante anos no comercio exterior analisado projetos de forma particular, para facilitar o processo de internacionaliza\u00e7\u00e3o das empresas com o fim de fomentar seu potencial e obter as oportunidades de negocio que oferece o mercado internacional.<\/p>\n<\/div><\/div><\/div><div class=\"cz_gap clr \" style=\"height: 32px\"><\/div>[vc_text_separator title=&#8221;Marketing&#8221;]<div id=\"cz_82141\" class=\"cz_82141 cz_title clr cz_title_pos_inline\"><div class=\"cz_title_content\"><div class=\"cz_wpe_content\"><p>Planejamento estrat\u00e9gico de marketing para empresas tanto exportadoras como importadoras, procurando facilitar o alcance do objetivo final.<\/p>\n<\/div><\/div><\/div>[\/vc_column][\/vc_row]<\/p>\n<\/div>","protected":false},"excerpt":{"rendered":"<p>[vc_row margin_top=&#8221;-20&#8243; margin_bottom=&#8221;0&#8243; padding_left=&#8221;0&#8243; padding_right=&#8221;0&#8243; bg_position=&#8221;top&#8221; bg_repeat=&#8221;no-repeat&#8221; bg_cover=&#8221;false&#8221; bg_attachment=&#8221;false&#8221; padding_top=&#8221;0&#8243; padding_bottom=&#8221;0&#8243; &#8230; <\/p>\n","protected":false},"author":1,"featured_media":0,"parent":147,"menu_order":0,"comment_status":"closed","ping_status":"closed","template":"","meta":{"footnotes":""},"_links":{"self":[{"href":"https:\/\/hd8associados.com.br\/site\/wp-json\/wp\/v2\/pages\/111"}],"collection":[{"href":"https:\/\/hd8associados.com.br\/site\/wp-json\/wp\/v2\/pages"}],"about":[{"href":"https:\/\/hd8associados.com.br\/site\/wp-json\/wp\/v2\/types\/page"}],"author":[{"embeddable":true,"href":"https:\/\/hd8associados.com.br\/site\/wp-json\/wp\/v2\/users\/1"}],"replies":[{"embeddable":true,"href":"https:\/\/hd8associados.com.br\/site\/wp-json\/wp\/v2\/comments?post=111"}],"version-history":[{"count":1,"href":"https:\/\/hd8associados.com.br\/site\/wp-json\/wp\/v2\/pages\/111\/revisions"}],"predecessor-version":[{"id":2009,"href":"https:\/\/hd8associados.com.br\/site\/wp-json\/wp\/v2\/pages\/111\/revisions\/2009"}],"up":[{"embeddable":true,"href":"https:\/\/hd8associados.com.br\/site\/wp-json\/wp\/v2\/pages\/147"}],"wp:attachment":[{"href":"https:\/\/hd8associados.com.br\/site\/wp-json\/wp\/v2\/media?parent=111"}],"curies":[{"name":"wp","href":"https:\/\/api.w.org\/{rel}","templated":true}]}}