{"id":121,"date":"2015-07-02T19:31:09","date_gmt":"2015-07-02T19:31:09","guid":{"rendered":"http:\/\/hd8associados.web2163.uni5.net\/site\/?page_id=121"},"modified":"2024-02-02T17:30:04","modified_gmt":"2024-02-02T17:30:04","slug":"gestao-de-projetos-marketing-estrategico-e-negociacoes","status":"publish","type":"page","link":"https:\/\/hd8associados.com.br\/site\/servicos\/gestao-de-projetos-marketing-estrategico-e-negociacoes\/","title":{"rendered":"Gest\u00e3o de Projetos, Marketing Estrat\u00e9gico e Negocia\u00e7\u00f5es"},"content":{"rendered":"<div class=\"wpb-content-wrapper\"><p>[vc_row margin_top=&#8221;-20&#8243; margin_bottom=&#8221;0&#8243; padding_left=&#8221;0&#8243; padding_right=&#8221;0&#8243; bg_position=&#8221;top&#8221; bg_repeat=&#8221;no-repeat&#8221; bg_cover=&#8221;false&#8221; bg_attachment=&#8221;false&#8221; padding_top=&#8221;0&#8243; padding_bottom=&#8221;0&#8243; parallax_speed=&#8221;0.1&#8243;][vc_column]<div id=\"cz_85395\" class=\"cz_85395 cz_image clr cz_image_no_fx center_on_mobile\"><div class=\"\" ><div class=\"cz_image_in\"><div class=\"cz_main_image\"><img decoding=\"async\" width=\"1080\" height=\"438\" src=\"https:\/\/hd8associados.com.br\/site\/wp-content\/uploads\/2024\/01\/servico-06.jpg\" class=\"attachment-full\" alt=\"\" title=\"Gest\u00e3o de Projetos, Marketing Estrat\u00e9gico e Negocia\u00e7\u00f5es\" srcset=\"https:\/\/hd8associados.com.br\/site\/wp-content\/uploads\/2024\/01\/servico-06.jpg 1080w, https:\/\/hd8associados.com.br\/site\/wp-content\/uploads\/2024\/01\/servico-06-300x122.jpg 300w, https:\/\/hd8associados.com.br\/site\/wp-content\/uploads\/2024\/01\/servico-06-1024x415.jpg 1024w, https:\/\/hd8associados.com.br\/site\/wp-content\/uploads\/2024\/01\/servico-06-768x311.jpg 768w, https:\/\/hd8associados.com.br\/site\/wp-content\/uploads\/2024\/01\/servico-06-600x243.jpg 600w\" sizes=\"(max-width: 1080px) 100vw, 1080px\" \/><\/div><\/div><\/div><\/div><div class=\"cz_gap clr \" style=\"height: 50px\"><\/div>[\/vc_column][\/vc_row][vc_row][vc_column]<div id=\"cz_69586\" class=\"cz_69586 cz_title clr cz_title_pos_inline\"><div class=\"cz_title_content\"><div class=\"cz_wpe_content\"><p>As oportunidades de neg\u00f3cios se regem por dois pilares fundamentais; a estrat\u00e9gia e a prud\u00eancia. Por isso, em determinadas ocasi\u00f5es, se deve atuar com uma especial discri\u00e7\u00e3o e anonimato para n\u00e3o incrementar a especula\u00e7\u00e3o relacionada aos projetos. Nosso compromisso e aproximar ao nosso cliente produtos e servi\u00e7os de forma globalizada, para o qual dispomos de pessoal qualificado para negociar opera\u00e7\u00f5es se adaptando a necessidades m\u00faltiplas, sempre desde uma perspectiva reflexiva e an\u00f4nima para conseguir a rentabilidade projetada.<\/p>\n<\/div><\/div><\/div>[\/vc_column][\/vc_row]<\/p>\n<\/div>","protected":false},"excerpt":{"rendered":"<p>[vc_row margin_top=&#8221;-20&#8243; margin_bottom=&#8221;0&#8243; padding_left=&#8221;0&#8243; padding_right=&#8221;0&#8243; bg_position=&#8221;top&#8221; bg_repeat=&#8221;no-repeat&#8221; bg_cover=&#8221;false&#8221; bg_attachment=&#8221;false&#8221; padding_top=&#8221;0&#8243; padding_bottom=&#8221;0&#8243; &#8230; <\/p>\n","protected":false},"author":1,"featured_media":0,"parent":147,"menu_order":0,"comment_status":"closed","ping_status":"closed","template":"","meta":{"footnotes":""},"_links":{"self":[{"href":"https:\/\/hd8associados.com.br\/site\/wp-json\/wp\/v2\/pages\/121"}],"collection":[{"href":"https:\/\/hd8associados.com.br\/site\/wp-json\/wp\/v2\/pages"}],"about":[{"href":"https:\/\/hd8associados.com.br\/site\/wp-json\/wp\/v2\/types\/page"}],"author":[{"embeddable":true,"href":"https:\/\/hd8associados.com.br\/site\/wp-json\/wp\/v2\/users\/1"}],"replies":[{"embeddable":true,"href":"https:\/\/hd8associados.com.br\/site\/wp-json\/wp\/v2\/comments?post=121"}],"version-history":[{"count":1,"href":"https:\/\/hd8associados.com.br\/site\/wp-json\/wp\/v2\/pages\/121\/revisions"}],"predecessor-version":[{"id":2011,"href":"https:\/\/hd8associados.com.br\/site\/wp-json\/wp\/v2\/pages\/121\/revisions\/2011"}],"up":[{"embeddable":true,"href":"https:\/\/hd8associados.com.br\/site\/wp-json\/wp\/v2\/pages\/147"}],"wp:attachment":[{"href":"https:\/\/hd8associados.com.br\/site\/wp-json\/wp\/v2\/media?parent=121"}],"curies":[{"name":"wp","href":"https:\/\/api.w.org\/{rel}","templated":true}]}}