{"id":147,"date":"2015-07-02T21:01:19","date_gmt":"2015-07-02T21:01:19","guid":{"rendered":"http:\/\/hd8associados.web2163.uni5.net\/site\/?page_id=147"},"modified":"2024-02-02T17:30:49","modified_gmt":"2024-02-02T17:30:49","slug":"servicos","status":"publish","type":"page","link":"https:\/\/hd8associados.com.br\/site\/servicos\/","title":{"rendered":"Servi\u00e7os"},"content":{"rendered":"<div class=\"wpb-content-wrapper\"><p>[vc_row][vc_column]<div id=\"cz_69466\" class=\"cz_69466 cz_title clr cz_title_pos_inline\"><div class=\"cz_title_content\"><div class=\"cz_wpe_content\"><p>Como empresa de consultoria <strong>HD8<\/strong> foca seus servi\u00e7os em oferecer solu\u00e7\u00f5es customizadas para cada cliente e para cada necessidade orientando nosso trabalho na obten\u00e7\u00e3o dos resultados.<\/p>\n<p>&nbsp;<\/p>\n<p>Com base nestas premissas de trabalho e a experi\u00eancia de seus profissionais, <strong>HD8<\/strong> oferece solu\u00e7\u00f5es nas \u00e1reas de:<\/p>\n<\/div><\/div><\/div>[\/vc_column][\/vc_row][vc_row][vc_column]<div class=\"cz_gap clr  hide_on_mobile\" style=\"height: 80px\"><\/div><div class=\"cz_gap show_on_mobile clr\" style=\"height: 50px\"><\/div>[\/vc_column][\/vc_row][vc_row][vc_column width=&#8221;1\/2&#8243;]<a class=\"cz_content_box_link\" href=\"https:\/\/hd8associados.com.br\/site\/consultoria-em-gestao-empresarial\/\" title=\"Consultoria em Gest\u00e3o Empresarial\"><div class=\"cz_eqh cz_content_box_parent_fx  \"><div class=\"fx_up_hover\"><div id=\"cz_14702\" class=\"cz_14702 cz_content_box clr cz_split_box_right\"><div class=\"cz_box_front clr\"><div class=\"cz_box_front_inner clr \"><span><\/span><div><div id=\"cz_90342\" class=\"cz_90342 cz_title clr cz_mobile_text_center cz_title_pos_inline\"><div class=\"cz_title_content\"><div class=\"cz_wpe_content\"><h3>Consultoria em<\/h3>\n<h3><span style=\"color: #00609d;\">Gest\u00e3o Empresarial<\/span><\/h3>\n<\/div><\/div><\/div><div class=\"cz_gap clr \" style=\"height: 20px\"><\/div><div id=\"cz_24882\" class=\"cz_24882 cz_title clr cz_mobile_text_center cz_title_pos_inline\"><div class=\"cz_title_content\"><div class=\"cz_wpe_content\"><p><span style=\"font-size: 16px;\">A consultoria \u00e9 um processo interativo, onde coexiste a atua\u00e7\u00e3o de um agente de mudan\u00e7a (consultor) junto aos demais executivos e funcion\u00e1rios&#8230;<\/span><\/p>\n<\/div><\/div><\/div><\/div><\/div><\/div><div class=\"cz_split_box\" style=\"background-image: url(https:\/\/hd8associados.com.br\/site\/wp-content\/uploads\/2024\/01\/servicos-_0006_Layer-1.jpg)\"><\/div><\/div><\/div><\/div><\/a><div class=\"cz_gap show_on_mobile clr\" style=\"height: 32px\"><\/div><a class=\"cz_content_box_link\" href=\"https:\/\/hd8associados.com.br\/site\/logistica-multimodal\/\" title=\"Log\u00edstica Multimodal\"><div class=\"cz_eqh cz_content_box_parent_fx  \"><div class=\"fx_up_hover\"><div id=\"cz_70123\" class=\"cz_70123 cz_content_box clr cz_split_box_left\"><div class=\"cz_split_box\" style=\"background-image: url(https:\/\/hd8associados.com.br\/site\/wp-content\/uploads\/2024\/01\/servicos-_0004_Layer-3.jpg)\"><\/div><div class=\"cz_box_front clr\"><div class=\"cz_box_front_inner clr \"><span><\/span><div><div id=\"cz_64256\" class=\"cz_64256 cz_title clr cz_mobile_text_center cz_title_pos_inline\"><div class=\"cz_title_content\"><div class=\"cz_wpe_content\"><h3>Log\u00edstica<\/h3>\n<h3><span style=\"color: #00609d;\">Multimodal<\/span><\/h3>\n<\/div><\/div><\/div><div class=\"cz_gap clr \" style=\"height: 20px\"><\/div><div id=\"cz_78099\" class=\"cz_78099 cz_title clr cz_mobile_text_center cz_title_pos_inline\"><div class=\"cz_title_content\"><div class=\"cz_wpe_content\"><p><span style=\"font-size: 16px;\">A log\u00edstica global esta rapidamente se tornando m\u00e1s complexa devido a crescente demanda de solu\u00e7\u00f5es de tecnologia da informa\u00e7\u00e3o, e n\u00f3s estamos dedicados&#8230;<\/span><\/p>\n<\/div><\/div><\/div><\/div><\/div><\/div><\/div><\/div><\/div><\/a><div class=\"cz_gap show_on_mobile clr\" style=\"height: 32px\"><\/div><a class=\"cz_content_box_link\" href=\"https:\/\/hd8associados.com.br\/site\/oportunidades-de-negocios-fusoes-e-aquisicoes\/\" title=\"Oportunidades de Neg\u00f3cios, Fus\u00f5es e Aquisi\u00e7\u00f5es\"><div class=\"cz_eqh cz_content_box_parent_fx  \"><div class=\"fx_up_hover\"><div id=\"cz_97976\" class=\"cz_97976 cz_content_box clr cz_split_box_right\"><div class=\"cz_box_front clr\"><div class=\"cz_box_front_inner clr \"><span><\/span><div><div id=\"cz_104599\" class=\"cz_104599 cz_title clr cz_mobile_text_center cz_title_pos_inline\"><div class=\"cz_title_content\"><div class=\"cz_wpe_content\"><h3>Oportunidades de Neg\u00f3cios,<\/h3>\n<h3><span style=\"color: #00609d;\">Fus\u00f5es e Aquisi\u00e7\u00f5es<\/span><\/h3>\n<\/div><\/div><\/div><div class=\"cz_gap clr \" style=\"height: 20px\"><\/div><div id=\"cz_65592\" class=\"cz_65592 cz_title clr cz_mobile_text_center cz_title_pos_inline\"><div class=\"cz_title_content\"><div class=\"cz_wpe_content\"><p><span style=\"font-size: 16px;\">As oportunidades de neg\u00f3cios se regem por dois pilares fundamentais; a estrat\u00e9gia e a prud\u00eancia. Por isso, em determinadas ocasi\u00f5es&#8230;<\/span><\/p>\n<\/div><\/div><\/div><\/div><\/div><\/div><div class=\"cz_split_box\" style=\"background-image: url(https:\/\/hd8associados.com.br\/site\/wp-content\/uploads\/2024\/01\/servicos-_0002_Layer-6.jpg)\"><\/div><\/div><\/div><\/div><\/a><div class=\"cz_gap show_on_mobile clr\" style=\"height: 32px\"><\/div><a class=\"cz_content_box_link\" href=\"https:\/\/hd8associados.com.br\/site\/traducao-e-interpretacao-simultanea\/\" title=\"Tradu\u00e7\u00e3o e Interpreta\u00e7\u00e3o Simult\u00e2nea\"><div class=\"cz_eqh cz_content_box_parent_fx  \"><div class=\"fx_up_hover\"><div id=\"cz_69455\" class=\"cz_69455 cz_content_box clr cz_split_box_left\"><div class=\"cz_split_box\" style=\"background-image: url(https:\/\/hd8associados.com.br\/site\/wp-content\/uploads\/2024\/01\/servicos-_0000_Layer-8.jpg)\"><\/div><div class=\"cz_box_front clr\"><div class=\"cz_box_front_inner clr \"><span><\/span><div><div id=\"cz_67032\" class=\"cz_67032 cz_title clr cz_mobile_text_center cz_title_pos_inline\"><div class=\"cz_title_content\"><div class=\"cz_wpe_content\"><h3>Tradu\u00e7\u00e3o e<\/h3>\n<h3><span style=\"color: #00609d;\">Interpreta\u00e7\u00e3o Simult\u00e2nea<\/span><\/h3>\n<\/div><\/div><\/div><div class=\"cz_gap clr \" style=\"height: 20px\"><\/div><div id=\"cz_98477\" class=\"cz_98477 cz_title clr cz_mobile_text_center cz_title_pos_inline\"><div class=\"cz_title_content\"><div class=\"cz_wpe_content\"><p><span style=\"font-size: 16px;\">Atuamos a mais de quatro anos neste segmento em todo o Brasil, por meio da nossa empresa Mais Tradux, especializada em tradu\u00e7\u00e3o e interpreta\u00e7\u00e3o simult\u00e2nea&#8230;<\/span><\/p>\n<\/div><\/div><\/div><\/div><\/div><\/div><\/div><\/div><\/div><\/a>[\/vc_column][vc_column width=&#8221;1\/2&#8243;]<a class=\"cz_content_box_link\" href=\"https:\/\/hd8associados.com.br\/site\/assessoria-e-consultoria-em-comercio-exterior\/\" title=\"Assessoria e Consultoria em Com\u00e9rcio Exterior\"><div class=\"cz_eqh cz_content_box_parent_fx  \"><div class=\"fx_up_hover\"><div id=\"cz_28454\" class=\"cz_28454 cz_content_box clr cz_split_box_right\"><div class=\"cz_box_front clr\"><div class=\"cz_box_front_inner clr \"><span><\/span><div><div id=\"cz_109353\" class=\"cz_109353 cz_title clr cz_mobile_text_center cz_title_pos_inline\"><div class=\"cz_title_content\"><div class=\"cz_wpe_content\"><h3>Assessoria e Consultoria<\/h3>\n<h3><span style=\"color: #00609d;\">em Com\u00e9rcio Exterior<\/span><\/h3>\n<\/div><\/div><\/div><div class=\"cz_gap clr \" style=\"height: 20px\"><\/div><div id=\"cz_36754\" class=\"cz_36754 cz_title clr cz_mobile_text_center cz_title_pos_inline\"><div class=\"cz_title_content\"><div class=\"cz_wpe_content\"><p><span style=\"font-size: 16px;\">A HD8 Associados \u00e9 uma empresa moderna e din\u00e2mica, com foco em facilitar o interc\u00e2mbio comercial nos mercados nacionais, regionais e internacionais&#8230;<\/span><\/p>\n<\/div><\/div><\/div><\/div><\/div><\/div><div class=\"cz_split_box\" style=\"background-image: url(https:\/\/hd8associados.com.br\/site\/wp-content\/uploads\/2024\/01\/servicos-_0005_Layer-2.jpg)\"><\/div><\/div><\/div><\/div><\/a><div class=\"cz_gap show_on_mobile clr\" style=\"height: 32px\"><\/div><a class=\"cz_content_box_link\" href=\"https:\/\/hd8associados.com.br\/site\/internacionalizacao-de-empresas\/\" title=\"Internacionaliza\u00e7\u00e3o de Empresas\"><div class=\"cz_eqh cz_content_box_parent_fx  \"><div class=\"fx_up_hover\"><div id=\"cz_11618\" class=\"cz_11618 cz_content_box clr cz_split_box_left\"><div class=\"cz_split_box\" style=\"background-image: url(https:\/\/hd8associados.com.br\/site\/wp-content\/uploads\/2024\/01\/servicos-_0003_Layer-4.jpg)\"><\/div><div class=\"cz_box_front clr\"><div class=\"cz_box_front_inner clr \"><span><\/span><div><div id=\"cz_29358\" class=\"cz_29358 cz_title clr cz_mobile_text_center cz_title_pos_inline\"><div class=\"cz_title_content\"><div class=\"cz_wpe_content\"><h3>Internacionaliza\u00e7\u00e3o<\/h3>\n<h3><span style=\"color: #00609d;\">de Empresas<\/span><\/h3>\n<\/div><\/div><\/div><div class=\"cz_gap clr \" style=\"height: 20px\"><\/div><div id=\"cz_96364\" class=\"cz_96364 cz_title clr cz_mobile_text_center cz_title_pos_inline\"><div class=\"cz_title_content\"><div class=\"cz_wpe_content\"><p><span style=\"font-size: 16px;\">As empresas que decidem expandir seu negocio ao mercado internacional afrontam v\u00e1rios riscos e dificuldades, que em principio, podem repercutir&#8230;<\/span><\/p>\n<\/div><\/div><\/div><\/div><\/div><\/div><\/div><\/div><\/div><\/a><div class=\"cz_gap show_on_mobile clr\" style=\"height: 32px\"><\/div><a class=\"cz_content_box_link\" href=\"https:\/\/hd8associados.com.br\/site\/gestao-de-projetos-marketing-estrategico-e-negociacoes\/\" title=\"Gest\u00e3o de Projetos, Marketing Estrat\u00e9gico e Negocia\u00e7\u00f5es\"><div class=\"cz_eqh cz_content_box_parent_fx  \"><div class=\"fx_up_hover\"><div id=\"cz_73711\" class=\"cz_73711 cz_content_box clr cz_split_box_right\"><div class=\"cz_box_front clr\"><div class=\"cz_box_front_inner clr \"><span><\/span><div><div id=\"cz_55355\" class=\"cz_55355 cz_title clr cz_mobile_text_center cz_title_pos_inline\"><div class=\"cz_title_content\"><div class=\"cz_wpe_content\"><h3>Gest\u00e3o de Projetos,<\/h3>\n<h3><span style=\"color: #00609d;\">Marketing Estrat\u00e9gico e Negocia\u00e7\u00f5es<\/span><\/h3>\n<\/div><\/div><\/div><div class=\"cz_gap clr \" style=\"height: 20px\"><\/div><div id=\"cz_65592\" class=\"cz_65592 cz_title clr cz_mobile_text_center cz_title_pos_inline\"><div class=\"cz_title_content\"><div class=\"cz_wpe_content\"><p><span style=\"font-size: 16px;\">As oportunidades de neg\u00f3cios se regem por dois pilares fundamentais; a estrat\u00e9gia e a prud\u00eancia. Por isso, em determinadas ocasi\u00f5es&#8230;<\/span><\/p>\n<\/div><\/div><\/div><\/div><\/div><\/div><div class=\"cz_split_box\" style=\"background-image: url(https:\/\/hd8associados.com.br\/site\/wp-content\/uploads\/2024\/01\/servicos-_0001_Layer-7.jpg)\"><\/div><\/div><\/div><\/div><\/a>[\/vc_column][\/vc_row]<\/p>\n<\/div>","protected":false},"excerpt":{"rendered":"<p>[vc_row][vc_column][\/vc_column][\/vc_row][vc_row][vc_column][\/vc_column][\/vc_row][vc_row][vc_column width=&#8221;1\/2&#8243;][\/vc_column][vc_column width=&#8221;1\/2&#8243;][\/vc_column][\/vc_row] &#8230; <\/p>\n","protected":false},"author":1,"featured_media":0,"parent":0,"menu_order":0,"comment_status":"closed","ping_status":"closed","template":"","meta":{"footnotes":""},"_links":{"self":[{"href":"https:\/\/hd8associados.com.br\/site\/wp-json\/wp\/v2\/pages\/147"}],"collection":[{"href":"https:\/\/hd8associados.com.br\/site\/wp-json\/wp\/v2\/pages"}],"about":[{"href":"https:\/\/hd8associados.com.br\/site\/wp-json\/wp\/v2\/types\/page"}],"author":[{"embeddable":true,"href":"https:\/\/hd8associados.com.br\/site\/wp-json\/wp\/v2\/users\/1"}],"replies":[{"embeddable":true,"href":"https:\/\/hd8associados.com.br\/site\/wp-json\/wp\/v2\/comments?post=147"}],"version-history":[{"count":1,"href":"https:\/\/hd8associados.com.br\/site\/wp-json\/wp\/v2\/pages\/147\/revisions"}],"predecessor-version":[{"id":2014,"href":"https:\/\/hd8associados.com.br\/site\/wp-json\/wp\/v2\/pages\/147\/revisions\/2014"}],"wp:attachment":[{"href":"https:\/\/hd8associados.com.br\/site\/wp-json\/wp\/v2\/media?parent=147"}],"curies":[{"name":"wp","href":"https:\/\/api.w.org\/{rel}","templated":true}]}}