{"id":96,"date":"2015-07-02T19:10:11","date_gmt":"2015-07-02T19:10:11","guid":{"rendered":"http:\/\/hd8associados.web2163.uni5.net\/site\/?page_id=96"},"modified":"2024-02-02T17:30:18","modified_gmt":"2024-02-02T17:30:18","slug":"assessoria-e-consultoria-em-comercio-exterior","status":"publish","type":"page","link":"https:\/\/hd8associados.com.br\/site\/servicos\/assessoria-e-consultoria-em-comercio-exterior\/","title":{"rendered":"Assessoria e Consultoria em Com\u00e9rcio Exterior"},"content":{"rendered":"<div class=\"wpb-content-wrapper\"><p>[vc_row margin_top=&#8221;-20&#8243; margin_bottom=&#8221;0&#8243; padding_left=&#8221;0&#8243; padding_right=&#8221;0&#8243; bg_position=&#8221;top&#8221; bg_repeat=&#8221;no-repeat&#8221; bg_cover=&#8221;false&#8221; bg_attachment=&#8221;false&#8221; padding_top=&#8221;0&#8243; padding_bottom=&#8221;0&#8243; parallax_speed=&#8221;0.1&#8243;][vc_column]<div id=\"cz_25232\" class=\"cz_25232 cz_image clr cz_image_no_fx center_on_mobile\"><div class=\"\" ><div class=\"cz_image_in\"><div class=\"cz_main_image\"><img decoding=\"async\" width=\"1080\" height=\"438\" src=\"https:\/\/hd8associados.com.br\/site\/wp-content\/uploads\/2024\/01\/servico-02.jpg\" class=\"attachment-full\" alt=\"\" title=\"Assessoria e Consultoria em Com\u00e9rcio Exterior\" srcset=\"https:\/\/hd8associados.com.br\/site\/wp-content\/uploads\/2024\/01\/servico-02.jpg 1080w, https:\/\/hd8associados.com.br\/site\/wp-content\/uploads\/2024\/01\/servico-02-300x122.jpg 300w, https:\/\/hd8associados.com.br\/site\/wp-content\/uploads\/2024\/01\/servico-02-1024x415.jpg 1024w, https:\/\/hd8associados.com.br\/site\/wp-content\/uploads\/2024\/01\/servico-02-768x311.jpg 768w, https:\/\/hd8associados.com.br\/site\/wp-content\/uploads\/2024\/01\/servico-02-600x243.jpg 600w\" sizes=\"(max-width: 1080px) 100vw, 1080px\" \/><\/div><\/div><\/div><\/div><div class=\"cz_gap clr \" style=\"height: 50px\"><\/div>[\/vc_column][\/vc_row][vc_row][vc_column]<div id=\"cz_13434\" class=\"cz_13434 cz_title clr cz_title_pos_inline\"><div class=\"cz_title_content\"><div class=\"cz_wpe_content\"><p>A <strong>HD8 Associados<\/strong> \u00e9 uma empresa moderna e din\u00e2mica, com foco em facilitar o interc\u00e2mbio comercial nos mercados nacionais, regionais e internacionais. Somos especializados em planejar, executar e gerenciar projetos comerciais, desenvolvendo projetos de exporta\u00e7\u00e3o, importa\u00e7\u00e3o, pesquisa de mercado e gest\u00e3o comercial, log\u00edstica intermodal, transportes (mar\u00edtimo, terrestre e a\u00e9reo), armazenagem e distribui\u00e7\u00e3o.<\/p>\n<\/div><\/div><\/div>[\/vc_column][\/vc_row]<\/p>\n<\/div>","protected":false},"excerpt":{"rendered":"<p>[vc_row margin_top=&#8221;-20&#8243; margin_bottom=&#8221;0&#8243; padding_left=&#8221;0&#8243; padding_right=&#8221;0&#8243; bg_position=&#8221;top&#8221; bg_repeat=&#8221;no-repeat&#8221; bg_cover=&#8221;false&#8221; bg_attachment=&#8221;false&#8221; padding_top=&#8221;0&#8243; padding_bottom=&#8221;0&#8243; &#8230; <\/p>\n","protected":false},"author":1,"featured_media":0,"parent":147,"menu_order":0,"comment_status":"closed","ping_status":"closed","template":"","meta":{"footnotes":""},"_links":{"self":[{"href":"https:\/\/hd8associados.com.br\/site\/wp-json\/wp\/v2\/pages\/96"}],"collection":[{"href":"https:\/\/hd8associados.com.br\/site\/wp-json\/wp\/v2\/pages"}],"about":[{"href":"https:\/\/hd8associados.com.br\/site\/wp-json\/wp\/v2\/types\/page"}],"author":[{"embeddable":true,"href":"https:\/\/hd8associados.com.br\/site\/wp-json\/wp\/v2\/users\/1"}],"replies":[{"embeddable":true,"href":"https:\/\/hd8associados.com.br\/site\/wp-json\/wp\/v2\/comments?post=96"}],"version-history":[{"count":1,"href":"https:\/\/hd8associados.com.br\/site\/wp-json\/wp\/v2\/pages\/96\/revisions"}],"predecessor-version":[{"id":2013,"href":"https:\/\/hd8associados.com.br\/site\/wp-json\/wp\/v2\/pages\/96\/revisions\/2013"}],"up":[{"embeddable":true,"href":"https:\/\/hd8associados.com.br\/site\/wp-json\/wp\/v2\/pages\/147"}],"wp:attachment":[{"href":"https:\/\/hd8associados.com.br\/site\/wp-json\/wp\/v2\/media?parent=96"}],"curies":[{"name":"wp","href":"https:\/\/api.w.org\/{rel}","templated":true}]}}