{"id":99,"date":"2015-07-02T19:12:35","date_gmt":"2015-07-02T19:12:35","guid":{"rendered":"http:\/\/hd8associados.web2163.uni5.net\/site\/?page_id=99"},"modified":"2024-02-02T17:29:43","modified_gmt":"2024-02-02T17:29:43","slug":"logistica-multimodal","status":"publish","type":"page","link":"https:\/\/hd8associados.com.br\/site\/servicos\/logistica-multimodal\/","title":{"rendered":"Log\u00edstica Multimodal"},"content":{"rendered":"<div class=\"wpb-content-wrapper\"><p>[vc_row margin_top=&#8221;-20&#8243; margin_bottom=&#8221;0&#8243; padding_left=&#8221;0&#8243; padding_right=&#8221;0&#8243; bg_position=&#8221;top&#8221; bg_repeat=&#8221;no-repeat&#8221; bg_cover=&#8221;false&#8221; bg_attachment=&#8221;false&#8221; padding_top=&#8221;0&#8243; padding_bottom=&#8221;0&#8243; parallax_speed=&#8221;0.1&#8243;][vc_column]<div id=\"cz_75372\" class=\"cz_75372 cz_image clr cz_image_no_fx center_on_mobile\"><div class=\"\" ><div class=\"cz_image_in\"><div class=\"cz_main_image\"><img decoding=\"async\" width=\"1080\" height=\"438\" src=\"https:\/\/hd8associados.com.br\/site\/wp-content\/uploads\/2024\/01\/servico-03.jpg\" class=\"attachment-full\" alt=\"\" title=\"LOG\u00cdSTICA MULTIMODAL\" srcset=\"https:\/\/hd8associados.com.br\/site\/wp-content\/uploads\/2024\/01\/servico-03.jpg 1080w, https:\/\/hd8associados.com.br\/site\/wp-content\/uploads\/2024\/01\/servico-03-300x122.jpg 300w, https:\/\/hd8associados.com.br\/site\/wp-content\/uploads\/2024\/01\/servico-03-1024x415.jpg 1024w, https:\/\/hd8associados.com.br\/site\/wp-content\/uploads\/2024\/01\/servico-03-768x311.jpg 768w, https:\/\/hd8associados.com.br\/site\/wp-content\/uploads\/2024\/01\/servico-03-600x243.jpg 600w\" sizes=\"(max-width: 1080px) 100vw, 1080px\" \/><\/div><\/div><\/div><\/div><div class=\"cz_gap clr \" style=\"height: 50px\"><\/div><div id=\"cz_60031\" class=\"cz_60031 cz_title clr cz_title_pos_inline\"><div class=\"cz_title_content\"><div class=\"cz_wpe_content\"><p>A log\u00edstica global esta rapidamente se tornando m\u00e1s complexa devido a crescente demanda de solu\u00e7\u00f5es de tecnologia da informa\u00e7\u00e3o, e n\u00f3s estamos dedicados a prover estas solu\u00e7\u00f5es mediante o realce da visibilidade da cadeia de suprimentos e a introdu\u00e7\u00e3o de novos produtos e servi\u00e7os que ajudem o cliente a gerenciar seus neg\u00f3cios de maneira mais eficiente. Profundo conhecimento das necessidades dos clientes, aplica\u00e7\u00e3o agressiva de tecnologias de internet, absoluto compromisso com a expans\u00e3o de investimentos e servi\u00e7os e o que diferencia a nossos servi\u00e7os log\u00edsticos, e o que alavanca seu crescimento ao mesmo tempo que expandimos nossa carteira de neg\u00f3cios e oferecemos nossa experi\u00eancia log\u00edstica e servi\u00e7os de IT a clientes l\u00edderes nos setores de servi\u00e7os, comercial e industrial.<\/p>\n<p>&nbsp;<\/p>\n<p>Quer concentrar todos seus esfor\u00e7os em seus principais compet\u00eancias? Nossos profissionais de log\u00edstica avaliam e administram suas opera\u00e7\u00f5es nessa \u00e1rea para ajudar voc\u00ea a alcan\u00e7ar um melhor resultado econ\u00f4mico e operacional. A log\u00edstica e o processo de planejamento, execu\u00e7\u00e3o e controle eficaz e rent\u00e1vel de bens e servi\u00e7os desde um lugar de origem ate o lugar de destino, com a finalidade de satisfazer as necessidades dos clientes. Para que o objetivo do cliente seja alcan\u00e7ado, <strong>HD8<\/strong> coloca os produtos adequados no lugar conveniente, e no momento preciso e nas condi\u00e7\u00f5es desejadas controlando de forma conjunta todos os processos que fazem parte do servi\u00e7o. Deste modo, ajudamos a que as empresas possam dispor do produto ou servi\u00e7o mais acorde a suas necessidades e com a m\u00e1xima rentabilidade.<\/p>\n<\/div><\/div><\/div>[\/vc_column][\/vc_row][vc_row][vc_column]<div class=\"cz_gap clr \" style=\"height: 50px\"><\/div>[\/vc_column][\/vc_row][vc_row][vc_column width=&#8221;1\/2&#8243;][vc_text_separator title=&#8221;Transporte e Distribui\u00e7\u00e3o&#8221;]<div id=\"cz_60532\" class=\"cz_60532 cz_title clr cz_title_pos_inline\"><div class=\"cz_title_content\"><div class=\"cz_wpe_content\"><p>Tem necessidades especiais de transporte? Nossos servi\u00e7os de transporte multimodal (mar\u00edtimo, rodovi\u00e1rio, ferrovi\u00e1rio e a\u00e9reo) oferecem a flexibilidade que voc\u00ea necessita para levar seus produtos onde necessitam estar, e no tempo em que necessitam estar com o melhor custo.<\/p>\n<\/div><\/div><\/div><div class=\"cz_gap show_on_mobile clr\" style=\"height: 32px\"><\/div>[\/vc_column][vc_column width=&#8221;1\/2&#8243;][vc_text_separator title=&#8221;Log\u00edstica&#8221;]<div id=\"cz_76258\" class=\"cz_76258 cz_title clr cz_title_pos_inline\"><div class=\"cz_title_content\"><div class=\"cz_wpe_content\"><p>Avaliamos e recomendamos as melhores op\u00e7\u00f5es da cadeia log\u00edstica a serem aplicadas a cada cliente para reduzir custos e otimizar o resultado das opera\u00e7\u00f5es aos nossos clientes.<\/p>\n<\/div><\/div><\/div><div class=\"cz_gap show_on_mobile clr\" style=\"height: 32px\"><\/div>[\/vc_column][\/vc_row][vc_row][vc_column]<div class=\"cz_gap clr  hide_on_mobile\" style=\"height: 50px\"><\/div><div class=\"cz_gap show_on_mobile clr\" style=\"height: 0px\"><\/div>[\/vc_column][\/vc_row][vc_row][vc_column width=&#8221;1\/2&#8243;][vc_text_separator title=&#8221;Consolida\u00e7\u00e3o&#8221;]<div id=\"cz_99985\" class=\"cz_99985 cz_title clr cz_title_pos_inline\"><div class=\"cz_title_content\"><div class=\"cz_wpe_content\"><p>Problemas administrando sua cadeia internacional? Nossa divis\u00e3o de consolida\u00e7\u00e3o pode ajudar a manter todo o controle do neg\u00f3cio tanto na origem, no destino e durante o transporte com os servi\u00e7os de informa\u00e7\u00e3o que voc\u00ea necessita para administrar eficientemente sua cadeia global de suprimentos.<\/p>\n<\/div><\/div><\/div><div class=\"cz_gap show_on_mobile clr\" style=\"height: 32px\"><\/div>[\/vc_column][vc_column width=&#8221;1\/2&#8243;][vc_text_separator title=&#8221;Tradu\u00e7\u00e3o&#8221;]<div id=\"cz_107173\" class=\"cz_107173 cz_title clr cz_title_pos_inline\"><div class=\"cz_title_content\"><div class=\"cz_wpe_content\"><p>Contamos com tradutores especializados em textos e documentos de com\u00e9rcio exterior assim como de documentos na \u00e1rea medica, qu\u00edmica, bioqu\u00edmica, legal e para-legal, marketing, recursos humanos dentre outros.<\/p>\n<\/div><\/div><\/div><div class=\"cz_gap show_on_mobile clr\" style=\"height: 32px\"><\/div>[\/vc_column][\/vc_row][vc_row][vc_column]<div class=\"cz_gap clr  hide_on_mobile\" style=\"height: 50px\"><\/div><div class=\"cz_gap show_on_mobile clr\" style=\"height: 0px\"><\/div>[\/vc_column][\/vc_row][vc_row][vc_column width=&#8221;1\/2&#8243;][vc_text_separator title=&#8221;Armazenagem&#8221;]<div id=\"cz_108687\" class=\"cz_108687 cz_title clr cz_title_pos_inline\"><div class=\"cz_title_content\"><div class=\"cz_wpe_content\"><p>Necessidades \u00fanicas ou especiais de armazenagem ou distribui\u00e7\u00e3o? N\u00f3s temos unidades de neg\u00f3cios e parcerias para manter todas suas necessidades de armazenagem, qualquer que estas sejam e onde queira que sejam necess\u00e1rias.<\/p>\n<\/div><\/div><\/div><div class=\"cz_gap show_on_mobile clr\" style=\"height: 32px\"><\/div>[\/vc_column][vc_column width=&#8221;1\/2&#8243;][vc_text_separator title=&#8221;Despacho Aduaneiro&#8221;]<div id=\"cz_72279\" class=\"cz_72279 cz_title clr cz_title_pos_inline\"><div class=\"cz_title_content\"><div class=\"cz_wpe_content\"><p>Esta e uma das nossas principais \u00e1reas de atua\u00e7\u00e3o visto ser\u00e1 de maior import\u00e2ncia no processo de exporta\u00e7\u00e3o e\/ou importa\u00e7\u00e3o, contando com profissionais especializados para atender as diferentes necessidades dos nossos clientes.<\/p>\n<\/div><\/div><\/div><div class=\"cz_gap show_on_mobile clr\" style=\"height: 32px\"><\/div>[\/vc_column][\/vc_row][vc_row][vc_column]<div class=\"cz_gap clr  hide_on_mobile\" style=\"height: 50px\"><\/div><div class=\"cz_gap show_on_mobile clr\" style=\"height: 0px\"><\/div>[\/vc_column][\/vc_row][vc_row][vc_column width=&#8221;1\/2&#8243;][vc_text_separator title=&#8221;Exporta\u00e7\u00e3o e Importa\u00e7\u00e3o&#8221;]<div id=\"cz_13677\" class=\"cz_13677 cz_title clr cz_title_pos_inline\"><div class=\"cz_title_content\"><div class=\"cz_wpe_content\"><p>Projetos de exporta\u00e7\u00e3o e\/ou importa\u00e7\u00e3o desde a etapa de pesquisa de mercados, abertura de mercados, aumento e manuten\u00e7\u00e3o de vendas, processos log\u00edsticos, canais de distribui\u00e7\u00e3o, negocia\u00e7\u00e3o com fornecedores e provedores de servi\u00e7os.<\/p>\n<\/div><\/div><\/div>[\/vc_column][vc_column width=&#8221;1\/2&#8243;][\/vc_column][\/vc_row]<\/p>\n<\/div>","protected":false},"excerpt":{"rendered":"<p>[vc_row margin_top=&#8221;-20&#8243; margin_bottom=&#8221;0&#8243; padding_left=&#8221;0&#8243; padding_right=&#8221;0&#8243; bg_position=&#8221;top&#8221; bg_repeat=&#8221;no-repeat&#8221; bg_cover=&#8221;false&#8221; bg_attachment=&#8221;false&#8221; padding_top=&#8221;0&#8243; padding_bottom=&#8221;0&#8243; &#8230; <\/p>\n","protected":false},"author":1,"featured_media":0,"parent":147,"menu_order":0,"comment_status":"closed","ping_status":"closed","template":"","meta":{"footnotes":""},"_links":{"self":[{"href":"https:\/\/hd8associados.com.br\/site\/wp-json\/wp\/v2\/pages\/99"}],"collection":[{"href":"https:\/\/hd8associados.com.br\/site\/wp-json\/wp\/v2\/pages"}],"about":[{"href":"https:\/\/hd8associados.com.br\/site\/wp-json\/wp\/v2\/types\/page"}],"author":[{"embeddable":true,"href":"https:\/\/hd8associados.com.br\/site\/wp-json\/wp\/v2\/users\/1"}],"replies":[{"embeddable":true,"href":"https:\/\/hd8associados.com.br\/site\/wp-json\/wp\/v2\/comments?post=99"}],"version-history":[{"count":1,"href":"https:\/\/hd8associados.com.br\/site\/wp-json\/wp\/v2\/pages\/99\/revisions"}],"predecessor-version":[{"id":2008,"href":"https:\/\/hd8associados.com.br\/site\/wp-json\/wp\/v2\/pages\/99\/revisions\/2008"}],"up":[{"embeddable":true,"href":"https:\/\/hd8associados.com.br\/site\/wp-json\/wp\/v2\/pages\/147"}],"wp:attachment":[{"href":"https:\/\/hd8associados.com.br\/site\/wp-json\/wp\/v2\/media?parent=99"}],"curies":[{"name":"wp","href":"https:\/\/api.w.org\/{rel}","templated":true}]}}